{"id":6184,"date":"2026-02-12T12:48:34","date_gmt":"2026-02-12T11:48:34","guid":{"rendered":"https:\/\/dco-ev.de\/cms\/?page_id=6184"},"modified":"2026-02-12T12:48:34","modified_gmt":"2026-02-12T11:48:34","slug":"dco-ranglistensystem-2026","status":"publish","type":"page","link":"https:\/\/dco-ev.de\/cms\/dco-ranglistensystem-2026\/","title":{"rendered":"DCO-Ranglisten-System (Saison 2026)"},"content":{"rendered":"\n<p>Nach der Entscheidung der Mitglieder auf der Mitgliederversammlung am 08.02.2026 haben <strong>alle Ranglistenturniere<\/strong> in dieser Saison die <strong>gleiche Wertigkeit<\/strong>. Die Hintergr\u00fcnde dazu wurden bereits ausf\u00fchrlich kommuniziert.<\/p>\n\n\n\n<p>Das bedeutet konkret:<br>F\u00fcr die Rangliste z\u00e4hlen die <strong>jeweils drei besten Ergebnisse<\/strong> \u2013 sowohl im <strong>Einzel <\/strong>als auch im <strong>Doppel<\/strong>.<br>Die Rangliste wurde bereits entsprechend aktualisiert.<\/p>\n\n\n\n<p><strong>Punktesystem &amp; mehrere Brackets<\/strong><br>F\u00fcr alle Turniere 2026 gelten folgende Punktetabellen.<\/p>\n\n\n\n<div class=\"wp-block-stackable-tabs stk-block-tabs stk-block stk-0f902f9\" data-initial-tab=\"1\" data-block-id=\"0f902f9\"><style>.stk-0f902f9 .stk-block-tab-content .stk-block-content .stk-block-column[hidden]{display:none !important;}<\/style><div class=\"stk-row stk-inner-blocks stk-block-content stk-block-tabs--horizontal stk-block-tabs--fade stk-content-align stk-0f902f9-column\">\n<div class=\"wp-block-stackable-tab-labels stk-block-tab-labels stk-block stk-5b1e179 is-style-classic\" data-block-id=\"5b1e179\"><style>.stk-5b1e179 .stk-block-tabs__tab{color:var(--theme-palette-color-4, #192a3d) !important;background:#cf2e2e !important;border-style:solid !important;border-color:#000000 !important;border-top-width:1px !important;border-right-width:1px !important;border-bottom-width:1px !important;border-left-width:1px !important;}.stk-5b1e179 .stk-block-tabs__tab.stk-block-tabs__tab--active .stk-block-tab-labels__text{color:#000000 !important;}.stk-5b1e179 {overflow:hidden !important;box-shadow:inset 0px -1px 0px 0px rgba(0,0,0, 1) !important;}.stk-5b1e179 .stk-block-tab-labels__text{color:var(--theme-palette-color-4, #192a3d) !important;}.stk-5b1e179 .stk-block-tabs__tab .stk--inner-svg svg:last-child, .stk-5b1e179 .stk-block-tabs__tab .stk--inner-svg svg:last-child :is(g, path, rect, polygon, ellipse){fill:#000000 !important;}.stk-5b1e179 .stk-block-tabs__tab.stk-block-tabs__tab--active{background:#ffffff !important;border-color:#000000 !important;border-top-width:1px !important;border-right-width:1px !important;border-bottom-width:0px !important;border-left-width:1px !important;}<\/style><div class=\"stk-block-tab-labels__wrapper\" role=\"tablist\"><button class=\"stk-block-tabs__tab\" role=\"tab\"><div class=\"stk-block-tab-labels__text\"><span>Punktesystem Single-KO<\/span><\/div><\/button><button class=\"stk-block-tabs__tab\" role=\"tab\"><div class=\"stk-block-tab-labels__text\"><span>Punktesystem Doppel KO-Format<\/span><\/div><\/button><\/div><\/div>\n\n\n\n<div class=\"wp-block-stackable-tab-content stk-block-tab-content stk-block stk-42386b6\" data-block-id=\"42386b6\"><div class=\"stk-row stk-inner-blocks stk-block-content stk-content-align stk-42386b6-column\">\n<div class=\"wp-block-stackable-column stk-block-column stk-column stk-block stk-d66c5d0\" data-v=\"4\" role=\"tabpanel\" data-block-id=\"d66c5d0\"><div class=\"stk-column-wrapper stk-block-column__content stk-container stk-d66c5d0-container stk--no-background stk--no-padding\"><div class=\"stk-block-content stk-inner-blocks stk-d66c5d0-inner-blocks\">\n<div class=\"wp-block-stackable-image stk-block-image stk-block stk-d6fa590\" data-block-id=\"d6fa590\"><style>.stk-d6fa590 .stk-img-wrapper{width:30% !important;}<\/style><figure><span class=\"stk-img-wrapper stk-image--shape-stretch stk--has-lightbox\"><img loading=\"lazy\" decoding=\"async\" class=\"stk-img wp-image-6186\" src=\"https:\/\/dco-ev.de\/cms\/wp-content\/uploads\/2026\/02\/Modus-Singel-KO.jpeg\" width=\"501\" height=\"546\" srcset=\"https:\/\/dco-ev.de\/cms\/wp-content\/uploads\/2026\/02\/Modus-Singel-KO.jpeg 501w, https:\/\/dco-ev.de\/cms\/wp-content\/uploads\/2026\/02\/Modus-Singel-KO-275x300.jpeg 275w\" sizes=\"auto, (max-width: 501px) 100vw, 501px\" \/><\/span><\/figure><\/div>\n<\/div><\/div><\/div>\n\n\n\n<div class=\"wp-block-stackable-column stk-block-column stk-column stk-block stk-53f96e8\" data-v=\"4\" role=\"tabpanel\" data-block-id=\"53f96e8\"><div class=\"stk-column-wrapper stk-block-column__content stk-container stk-53f96e8-container stk--no-background stk--no-padding\"><div class=\"stk-block-content stk-inner-blocks stk-53f96e8-inner-blocks\">\n<div class=\"wp-block-stackable-image stk-block-image stk-block stk-04b438f\" data-block-id=\"04b438f\"><style>.stk-04b438f .stk-img-wrapper{width:30% !important;}.stk-04b438f .stk-img-wrapper img{object-position:50% 49% !important;}<\/style><figure><span class=\"stk-img-wrapper stk-image--shape-stretch stk--has-lightbox\"><img loading=\"lazy\" decoding=\"async\" class=\"stk-img wp-image-6187\" src=\"https:\/\/dco-ev.de\/cms\/wp-content\/uploads\/2026\/02\/Modus-Doppel-KO.jpeg\" width=\"499\" height=\"746\" srcset=\"https:\/\/dco-ev.de\/cms\/wp-content\/uploads\/2026\/02\/Modus-Doppel-KO.jpeg 499w, https:\/\/dco-ev.de\/cms\/wp-content\/uploads\/2026\/02\/Modus-Doppel-KO-201x300.jpeg 201w\" sizes=\"auto, (max-width: 499px) 100vw, 499px\" \/><\/span><\/figure><\/div>\n<\/div><\/div><\/div>\n<\/div><\/div>\n<\/div><\/div>\n\n\n\n<p>Bei mehreren Brackets gilt zus\u00e4tzlich:<br><br>\u2022 Der <strong>Sieger des B-Brackets<\/strong> erh\u00e4lt <strong>10 Punkte weniger<\/strong> als der <strong>letzte Platz des A-Brackets<\/strong>.<br>\u2022 Danach werden die Punkte in der bekannten Abstufung fortgef\u00fchrt.<br><br><strong>Beispiel &#8211; 32 Spieler im A-Bracket (Single-KO)<\/strong><\/p>\n\n\n\n<p>F\u00fcr den 32. Platz gibt es 155 Punkte.<br>Der 1. Platz im B-Bracket (Single-KO) erh\u00e4lt damit 145 Punkte, der 2. Platz 142 Punkte, der 3. Platz 139 Punkte, der 4. Platz 136 Punkte, die geteilten 5. Pl\u00e4tze 130 Punkte usw.<\/p>\n\n\n\n<hr class=\"wp-block-separator has-alpha-channel-opacity is-style-wide\"\/>\n\n\n\n<p><strong>Mindestteilnehmerzahl<\/strong><br>F\u00fcr alle Turniere gilt weiter eine Mindestteilnehmerzahl von:<br><br>\u2022 32 Spielerinnen\/Spielern im Einzel oder<br>\u2022 24 Teams im Doppel<br><br>Sollte ein Turnier trotz entsprechender Planung durch unvorhersehbare Umst\u00e4nde (z. B. kurzfristige Ausf\u00e4lle durch Krankheit) unter diese Mindestzahl fallen, werden die Ranglistenpunkte dennoch vergeben.<\/p>\n\n\n\n<hr class=\"wp-block-separator has-alpha-channel-opacity is-style-wide\"\/>\n\n\n\n<p><strong>Deutsche Meisterschaft 2026<\/strong><br><br>\u00dcbersteigt die Anzahl der Anmeldungen die Anzahl der verf\u00fcgbaren Startpl\u00e4tze f\u00fcr die Deutsche Meisterschaft 2026, werden die Startpl\u00e4tze nach der Platzierung in der Rangliste vergeben.<\/p>\n\n\n\n<hr class=\"wp-block-separator has-alpha-channel-opacity is-style-wide\"\/>\n\n\n\n<p><strong>Ausblick 2027<\/strong><br><br>F\u00fcr 2027 planen wir eine vollst\u00e4ndige Reform des Ranglistensystems. F\u00fcr Details ist es noch zu fr\u00fch \u2013 aber so viel k\u00f6nnen wir schon verraten:<\/p>\n\n\n\n<p>Macht euch bereit f\u00fcr das n\u00e4chste Level!<\/p>\n","protected":false},"excerpt":{"rendered":"<p>Nach der Entscheidung der Mitglieder auf der Mitgliederversammlung am 08.02.2026 haben alle Ranglistenturniere in dieser Saison die gleiche Wertigkeit. Die Hintergr\u00fcnde dazu wurden bereits ausf\u00fchrlich kommuniziert. Das bedeutet konkret:F\u00fcr die [&hellip;]<\/p>\n","protected":false},"author":1,"featured_media":0,"parent":0,"menu_order":0,"comment_status":"closed","ping_status":"closed","template":"","meta":{"footnotes":""},"class_list":["post-6184","page","type-page","status-publish","hentry"],"blocksy_meta":[],"featured_image_urls_v2":{"full":"","thumbnail":"","medium":"","medium_large":"","large":"","1536x1536":"","2048x2048":""},"post_excerpt_stackable_v2":"<p>Nach der Entscheidung der Mitglieder auf der Mitgliederversammlung am 08.02.2026 haben alle Ranglistenturniere in dieser Saison die gleiche Wertigkeit. Die Hintergr\u00fcnde dazu wurden bereits ausf\u00fchrlich kommuniziert. Das bedeutet konkret:F\u00fcr die Rangliste z\u00e4hlen die jeweils drei besten Ergebnisse \u2013 sowohl im Einzel als auch im Doppel.Die Rangliste wurde bereits entsprechend aktualisiert. Punktesystem &amp; mehrere BracketsF\u00fcr alle Turniere 2026 gelten folgende Punktetabellen. Punktesystem Single-KOPunktesystem Doppel KO-Format Bei mehreren Brackets gilt zus\u00e4tzlich:\u2022 Der Sieger des B-Brackets erh\u00e4lt 10 Punkte weniger als der letzte Platz des A-Brackets.\u2022 Danach werden die Punkte in der bekannten Abstufung fortgef\u00fchrt.Beispiel &#8211; 32 Spieler im A-Bracket (Single-KO) F\u00fcr den&hellip;<\/p>\n","category_list_v2":"","author_info_v2":{"name":"DCO_Webmaster","url":"https:\/\/dco-ev.de\/cms\/author\/dco_webmaster\/"},"comments_num_v2":"0 comments","_links":{"self":[{"href":"https:\/\/dco-ev.de\/cms\/wp-json\/wp\/v2\/pages\/6184","targetHints":{"allow":["GET"]}}],"collection":[{"href":"https:\/\/dco-ev.de\/cms\/wp-json\/wp\/v2\/pages"}],"about":[{"href":"https:\/\/dco-ev.de\/cms\/wp-json\/wp\/v2\/types\/page"}],"author":[{"embeddable":true,"href":"https:\/\/dco-ev.de\/cms\/wp-json\/wp\/v2\/users\/1"}],"replies":[{"embeddable":true,"href":"https:\/\/dco-ev.de\/cms\/wp-json\/wp\/v2\/comments?post=6184"}],"version-history":[{"count":4,"href":"https:\/\/dco-ev.de\/cms\/wp-json\/wp\/v2\/pages\/6184\/revisions"}],"predecessor-version":[{"id":6190,"href":"https:\/\/dco-ev.de\/cms\/wp-json\/wp\/v2\/pages\/6184\/revisions\/6190"}],"wp:attachment":[{"href":"https:\/\/dco-ev.de\/cms\/wp-json\/wp\/v2\/media?parent=6184"}],"curies":[{"name":"wp","href":"https:\/\/api.w.org\/{rel}","templated":true}]}}