{"id":5211,"date":"2025-02-10T17:18:05","date_gmt":"2025-02-10T16:18:05","guid":{"rendered":"https:\/\/dco-ev.de\/cms\/?page_id=5211"},"modified":"2026-02-10T10:15:43","modified_gmt":"2026-02-10T09:15:43","slug":"dco-rangliste-2025","status":"publish","type":"page","link":"https:\/\/dco-ev.de\/cms\/dco-rangliste-2025\/","title":{"rendered":"DCO Rangliste 2025"},"content":{"rendered":"\n<p>Die aktuelle Rangliste.<\/p>\n\n\n\n<div class=\"wp-block-stackable-horizontal-scroller stk-block-horizontal-scroller stk-block stk-62101ea\" data-block-id=\"62101ea\"><style>.stk-62101ea-horizontal-scroller{--stk-column-width:252px !important;--stk-snapping:center !important;}<\/style><div class=\"stk-row stk-inner-blocks stk-block-content stk-content-align stk-62101ea-horizontal-scroller\" tabindex=\"0\">\n<div class=\"wp-block-stackable-column stk-block-column stk-column stk-block stk-249b719\" data-v=\"4\" data-block-id=\"249b719\"><div class=\"stk-column-wrapper stk-block-column__content stk-container stk-249b719-container stk--no-background stk--no-padding\"><div class=\"stk-block-content stk-inner-blocks stk-249b719-inner-blocks\">\n<div class=\"wp-block-stackable-image stk-block-image stk-block stk-5a33dd9\" data-block-id=\"5a33dd9\"><figure><span class=\"stk-img-wrapper stk-image--shape-stretch stk--has-lightbox\"><img loading=\"lazy\" decoding=\"async\" class=\"stk-img wp-image-5758\" src=\"https:\/\/dco-ev.de\/cms\/wp-content\/uploads\/2025\/10\/Endstand_1.jpg\" width=\"940\" height=\"788\" srcset=\"https:\/\/dco-ev.de\/cms\/wp-content\/uploads\/2025\/10\/Endstand_1.jpg 940w, https:\/\/dco-ev.de\/cms\/wp-content\/uploads\/2025\/10\/Endstand_1-300x251.jpg 300w, https:\/\/dco-ev.de\/cms\/wp-content\/uploads\/2025\/10\/Endstand_1-768x644.jpg 768w\" sizes=\"auto, (max-width: 940px) 100vw, 940px\" \/><\/span><\/figure><\/div>\n<\/div><\/div><\/div>\n\n\n\n<div class=\"wp-block-stackable-column stk-block-column stk-column stk-block stk-4aaca1a\" data-v=\"4\" data-block-id=\"4aaca1a\"><div class=\"stk-column-wrapper stk-block-column__content stk-container stk-4aaca1a-container stk--no-background stk--no-padding\"><div class=\"stk-block-content stk-inner-blocks stk-4aaca1a-inner-blocks\">\n<div class=\"wp-block-stackable-image stk-block-image stk-block stk-634b17f\" data-block-id=\"634b17f\"><figure><span class=\"stk-img-wrapper stk-image--shape-stretch stk--has-lightbox\"><img loading=\"lazy\" decoding=\"async\" class=\"stk-img wp-image-5759\" src=\"https:\/\/dco-ev.de\/cms\/wp-content\/uploads\/2025\/10\/Endstand_2.jpg\" width=\"940\" height=\"788\" srcset=\"https:\/\/dco-ev.de\/cms\/wp-content\/uploads\/2025\/10\/Endstand_2.jpg 940w, https:\/\/dco-ev.de\/cms\/wp-content\/uploads\/2025\/10\/Endstand_2-300x251.jpg 300w, https:\/\/dco-ev.de\/cms\/wp-content\/uploads\/2025\/10\/Endstand_2-768x644.jpg 768w\" sizes=\"auto, (max-width: 940px) 100vw, 940px\" \/><\/span><\/figure><\/div>\n<\/div><\/div><\/div>\n\n\n\n<div class=\"wp-block-stackable-column stk-block-column stk-column stk-block stk-959fd9f\" data-v=\"4\" data-block-id=\"959fd9f\"><div class=\"stk-column-wrapper stk-block-column__content stk-container stk-959fd9f-container stk--no-background stk--no-padding\"><div class=\"stk-block-content stk-inner-blocks stk-959fd9f-inner-blocks\">\n<div class=\"wp-block-stackable-image stk-block-image stk-block stk-cf9c3f4\" data-block-id=\"cf9c3f4\"><figure><span class=\"stk-img-wrapper stk-image--shape-stretch stk--has-lightbox\"><img loading=\"lazy\" decoding=\"async\" class=\"stk-img wp-image-5760\" src=\"https:\/\/dco-ev.de\/cms\/wp-content\/uploads\/2025\/10\/Endstand_3.jpg\" width=\"940\" height=\"788\" srcset=\"https:\/\/dco-ev.de\/cms\/wp-content\/uploads\/2025\/10\/Endstand_3.jpg 940w, https:\/\/dco-ev.de\/cms\/wp-content\/uploads\/2025\/10\/Endstand_3-300x251.jpg 300w, https:\/\/dco-ev.de\/cms\/wp-content\/uploads\/2025\/10\/Endstand_3-768x644.jpg 768w\" sizes=\"auto, (max-width: 940px) 100vw, 940px\" \/><\/span><\/figure><\/div>\n<\/div><\/div><\/div>\n\n\n\n<div class=\"wp-block-stackable-column stk-block-column stk-column stk-block stk-3a716af\" data-v=\"4\" data-block-id=\"3a716af\"><div class=\"stk-column-wrapper stk-block-column__content stk-container stk-3a716af-container stk--no-background stk--no-padding\"><div class=\"stk-block-content stk-inner-blocks stk-3a716af-inner-blocks\">\n<div class=\"wp-block-stackable-image stk-block-image stk-block stk-0cfeea0\" data-block-id=\"0cfeea0\"><figure><span class=\"stk-img-wrapper stk-image--shape-stretch stk--has-lightbox\"><img loading=\"lazy\" decoding=\"async\" class=\"stk-img wp-image-5761\" src=\"https:\/\/dco-ev.de\/cms\/wp-content\/uploads\/2025\/10\/Endstand_4.jpg\" width=\"940\" height=\"788\" srcset=\"https:\/\/dco-ev.de\/cms\/wp-content\/uploads\/2025\/10\/Endstand_4.jpg 940w, https:\/\/dco-ev.de\/cms\/wp-content\/uploads\/2025\/10\/Endstand_4-300x251.jpg 300w, https:\/\/dco-ev.de\/cms\/wp-content\/uploads\/2025\/10\/Endstand_4-768x644.jpg 768w\" sizes=\"auto, (max-width: 940px) 100vw, 940px\" \/><\/span><\/figure><\/div>\n<\/div><\/div><\/div>\n\n\n\n<div class=\"wp-block-stackable-column stk-block-column stk-column stk-block stk-ac1c7ba\" data-v=\"4\" data-block-id=\"ac1c7ba\"><div class=\"stk-column-wrapper stk-block-column__content stk-container stk-ac1c7ba-container stk--no-background stk--no-padding\"><div class=\"stk-block-content stk-inner-blocks stk-ac1c7ba-inner-blocks\">\n<div class=\"wp-block-stackable-image stk-block-image stk-block stk-986bcac\" data-block-id=\"986bcac\"><figure><span class=\"stk-img-wrapper stk-image--shape-stretch stk--has-lightbox\"><img loading=\"lazy\" decoding=\"async\" class=\"stk-img wp-image-5762\" src=\"https:\/\/dco-ev.de\/cms\/wp-content\/uploads\/2025\/10\/Endstand_5.jpg\" width=\"940\" height=\"788\" srcset=\"https:\/\/dco-ev.de\/cms\/wp-content\/uploads\/2025\/10\/Endstand_5.jpg 940w, https:\/\/dco-ev.de\/cms\/wp-content\/uploads\/2025\/10\/Endstand_5-300x251.jpg 300w, https:\/\/dco-ev.de\/cms\/wp-content\/uploads\/2025\/10\/Endstand_5-768x644.jpg 768w\" sizes=\"auto, (max-width: 940px) 100vw, 940px\" \/><\/span><\/figure><\/div>\n<\/div><\/div><\/div>\n\n\n\n<div class=\"wp-block-stackable-column stk-block-column stk-column stk-block stk-0055c89\" data-v=\"4\" data-block-id=\"0055c89\"><div class=\"stk-column-wrapper stk-block-column__content stk-container stk-0055c89-container stk--no-background stk--no-padding\"><div class=\"stk-block-content stk-inner-blocks stk-0055c89-inner-blocks\">\n<div class=\"wp-block-stackable-image stk-block-image stk-block stk-a114cb2\" data-block-id=\"a114cb2\"><figure><span class=\"stk-img-wrapper stk-image--shape-stretch stk--has-lightbox\"><img loading=\"lazy\" decoding=\"async\" class=\"stk-img wp-image-5763\" src=\"https:\/\/dco-ev.de\/cms\/wp-content\/uploads\/2025\/10\/Endstand_6.jpg\" width=\"940\" height=\"788\" srcset=\"https:\/\/dco-ev.de\/cms\/wp-content\/uploads\/2025\/10\/Endstand_6.jpg 940w, https:\/\/dco-ev.de\/cms\/wp-content\/uploads\/2025\/10\/Endstand_6-300x251.jpg 300w, https:\/\/dco-ev.de\/cms\/wp-content\/uploads\/2025\/10\/Endstand_6-768x644.jpg 768w\" sizes=\"auto, (max-width: 940px) 100vw, 940px\" \/><\/span><\/figure><\/div>\n<\/div><\/div><\/div>\n\n\n\n<div class=\"wp-block-stackable-column stk-block-column stk-column stk-block stk-fd79b5f\" data-v=\"4\" data-block-id=\"fd79b5f\"><div class=\"stk-column-wrapper stk-block-column__content stk-container stk-fd79b5f-container stk--no-background stk--no-padding\"><div class=\"stk-block-content stk-inner-blocks stk-fd79b5f-inner-blocks\">\n<div class=\"wp-block-stackable-image stk-block-image stk-block stk-e6e415b\" data-block-id=\"e6e415b\"><figure><span class=\"stk-img-wrapper stk-image--shape-stretch stk--has-lightbox\"><img loading=\"lazy\" decoding=\"async\" class=\"stk-img wp-image-5764\" src=\"https:\/\/dco-ev.de\/cms\/wp-content\/uploads\/2025\/10\/Endstand_7.jpg\" width=\"940\" height=\"788\" srcset=\"https:\/\/dco-ev.de\/cms\/wp-content\/uploads\/2025\/10\/Endstand_7.jpg 940w, https:\/\/dco-ev.de\/cms\/wp-content\/uploads\/2025\/10\/Endstand_7-300x251.jpg 300w, https:\/\/dco-ev.de\/cms\/wp-content\/uploads\/2025\/10\/Endstand_7-768x644.jpg 768w\" sizes=\"auto, (max-width: 940px) 100vw, 940px\" \/><\/span><\/figure><\/div>\n<\/div><\/div><\/div>\n<\/div><\/div>\n\n\n\n<p>Stand &#8211; 29.10.2025 &#8211;<\/p>\n\n\n\n<p>as DCO-Cornhole Jahr 2025 biegt langsam aber sicher auf die Zielgerade ein.<\/p>\n\n\n\n<p>388! DCO-Spieler und Spielerinnen haben sich in dem einen oder anderen der 27 Ranglistenturniere Punkte erspielt.<\/p>\n\n\n\n<p>Am Ende fehlen Stephan Beck nur 13 Punkte zur perfekten Rangliste. Vier Turniersiege, dazu drei Podestpl\u00e4tze sowie acht Top-Ten-Platzierungen sprechen eine deutliche Sprache. Damit f\u00e4hrt Stephan als verdienter Ranglisten Leader zum Finale nach Gr\u00fcnberg.<\/p>\n\n\n\n<p>Mit der maximalen Ausbeute an Punkten in der Deutschen Einzelmeisterschaft, gefolgt von einem nicht weniger erfolgreichen Doppelturnier schiebt sich Richard zum Abschluss nur knapp hinter Stephan auf den 2. Platz.<\/p>\n\n\n\n<p>Dritter auf dem Treppchen ist G\u00fcnni Reitz, der durch seinen Deutschen Meister Titel im Doppel seinen Spitzenplatz behaupten konnte.<\/p>\n\n\n\n<p>Die besten 60 der Rangliste haben sich f\u00fcr das gro\u00dfe Finale in Gr\u00fcnberg qualifiziert und erhalten in K\u00fcrze Post von uns. Bitte antwortet zeitnah auf diese Mail, damit wir evtl. Nachr\u00fccker informieren k\u00f6nnen.<\/p>\n\n\n\n<p>Au\u00dferdem vergeben wir vier Wild Cards. Eine davon erh\u00e4lt Ivan Britz, die er sich durch die perfekte Turnierleitung zur Deutschen Meisterschaft redlich verdient hat. Die anderen gehen an Spieler der Baafer Cornhole League, welche die Ausrichter des Ranglistenfinales sind.<\/p>\n\n\n\n<p>Und hier f\u00fcr alle Platzierungen die Einzelwertungen:<\/p>\n\n\n\n<div data-wp-interactive=\"core\/file\" class=\"wp-block-file\"><object data-wp-bind--hidden=\"!state.hasPdfPreview\" hidden class=\"wp-block-file__embed\" data=\"https:\/\/dco-ev.de\/cms\/wp-content\/uploads\/2025\/10\/Rangliste-2025-Endstand.pdf\" type=\"application\/pdf\" style=\"width:100%;height:600px\" aria-label=\"Einbettung von Rangliste 2025 Endstand.\"><\/object><a id=\"wp-block-file--media-1430201c-258e-4512-a1a3-8e2635f259ab\" href=\"https:\/\/dco-ev.de\/cms\/wp-content\/uploads\/2025\/10\/Rangliste-2025-Endstand.pdf\">Rangliste 2025 Endstand<\/a><a href=\"https:\/\/dco-ev.de\/cms\/wp-content\/uploads\/2025\/10\/Rangliste-2025-Endstand.pdf\" class=\"wp-block-file__button wp-element-button\" download aria-describedby=\"wp-block-file--media-1430201c-258e-4512-a1a3-8e2635f259ab\">Herunterladen<\/a><\/div>\n\n\n\n<p><\/p>\n","protected":false},"excerpt":{"rendered":"<p>Die aktuelle Rangliste. Stand &#8211; 29.10.2025 &#8211; as DCO-Cornhole Jahr 2025 biegt langsam aber sicher auf die Zielgerade ein. 388! DCO-Spieler und Spielerinnen haben sich in dem einen oder anderen [&hellip;]<\/p>\n","protected":false},"author":1,"featured_media":0,"parent":0,"menu_order":0,"comment_status":"closed","ping_status":"closed","template":"","meta":{"footnotes":""},"class_list":["post-5211","page","type-page","status-publish","hentry"],"blocksy_meta":{"has_hero_section":"enabled","hero_elements":[{"id":"custom_title","enabled":true,"heading_tag":"h1","title":"Startseite","__id":"N1-3LVRw0gn4VCm7jGtC3"},{"id":"custom_description","enabled":false,"description_visibility":{"desktop":true,"tablet":true,"mobile":false},"__id":"eXJ6vqp9bOix9ByEY_GpI"},{"id":"custom_meta","enabled":false,"meta_elements":[{"id":"author","enabled":true,"label":"Von","has_author_avatar":"yes","avatar_size":25},{"id":"post_date","enabled":true,"label":"Am","date_format_source":"default","date_format":"M j, Y"},{"id":"updated_date","enabled":false,"label":"Am","date_format_source":"default","date_format":"M j, Y"},{"id":"categories","enabled":false,"label":"In","style":"simple"},{"id":"comments","enabled":true}],"page_meta_elements":{"joined":true,"articles_count":true,"comments":true},"__id":"fqe38NnZDIPj-z9oWHOFb"},{"id":"breadcrumbs","enabled":false,"__id":"X37gl2zJrareZEtUGy6Dt"}],"pageTitleFontColor":{"default":{"color":"var(--theme-palette-color-4)"}},"styles_descriptor":{"styles":{"desktop":"[data-prefix=\"single_page\"] .entry-header .page-title {--theme-font-size:30px;--theme-heading-color:var(--theme-palette-color-4);} [data-prefix=\"single_page\"] .entry-header .entry-meta {--theme-font-weight:600;--theme-text-transform:uppercase;--theme-font-size:12px;--theme-line-height:1.3;}","tablet":"","mobile":""},"google_fonts":[],"version":6}},"featured_image_urls_v2":{"full":"","thumbnail":"","medium":"","medium_large":"","large":"","1536x1536":"","2048x2048":""},"post_excerpt_stackable_v2":"<p>Die aktuelle Rangliste. Stand &#8211; 29.10.2025 &#8211; as DCO-Cornhole Jahr 2025 biegt langsam aber sicher auf die Zielgerade ein. 388! DCO-Spieler und Spielerinnen haben sich in dem einen oder anderen der 27 Ranglistenturniere Punkte erspielt. Am Ende fehlen Stephan Beck nur 13 Punkte zur perfekten Rangliste. Vier Turniersiege, dazu drei Podestpl\u00e4tze sowie acht Top-Ten-Platzierungen sprechen eine deutliche Sprache. Damit f\u00e4hrt Stephan als verdienter Ranglisten Leader zum Finale nach Gr\u00fcnberg. Mit der maximalen Ausbeute an Punkten in der Deutschen Einzelmeisterschaft, gefolgt von einem nicht weniger erfolgreichen Doppelturnier schiebt sich Richard zum Abschluss nur knapp hinter Stephan auf den 2. Platz. Dritter&hellip;<\/p>\n","category_list_v2":"","author_info_v2":{"name":"DCO_Webmaster","url":"https:\/\/dco-ev.de\/cms\/author\/dco_webmaster\/"},"comments_num_v2":"0 comments","_links":{"self":[{"href":"https:\/\/dco-ev.de\/cms\/wp-json\/wp\/v2\/pages\/5211","targetHints":{"allow":["GET"]}}],"collection":[{"href":"https:\/\/dco-ev.de\/cms\/wp-json\/wp\/v2\/pages"}],"about":[{"href":"https:\/\/dco-ev.de\/cms\/wp-json\/wp\/v2\/types\/page"}],"author":[{"embeddable":true,"href":"https:\/\/dco-ev.de\/cms\/wp-json\/wp\/v2\/users\/1"}],"replies":[{"embeddable":true,"href":"https:\/\/dco-ev.de\/cms\/wp-json\/wp\/v2\/comments?post=5211"}],"version-history":[{"count":10,"href":"https:\/\/dco-ev.de\/cms\/wp-json\/wp\/v2\/pages\/5211\/revisions"}],"predecessor-version":[{"id":6160,"href":"https:\/\/dco-ev.de\/cms\/wp-json\/wp\/v2\/pages\/5211\/revisions\/6160"}],"wp:attachment":[{"href":"https:\/\/dco-ev.de\/cms\/wp-json\/wp\/v2\/media?parent=5211"}],"curies":[{"name":"wp","href":"https:\/\/api.w.org\/{rel}","templated":true}]}}