{"id":5126,"date":"2025-02-04T18:46:08","date_gmt":"2025-02-04T17:46:08","guid":{"rendered":"https:\/\/dco-ev.de\/cms\/?page_id=5126"},"modified":"2025-02-08T21:10:13","modified_gmt":"2025-02-08T20:10:13","slug":"mitglieder","status":"publish","type":"page","link":"https:\/\/dco-ev.de\/cms\/mitglieder\/","title":{"rendered":"Unsere Mitglieder"},"content":{"rendered":"<div class=\"wrap pdb-list pdb-instance-1 participants-database pdb-flexbox-list\" id=\"participants-list-1\">\n        <div class=\"pdb-searchform\">\n\n      <div class=\"alert alert-block\" style=\"display:none\">\n        <a class=\"close\" data-dismiss=\"alert\" href=\"#\">X<\/a>\n        <p class=\"search_field_error\">Bitte eine Spalte ausw\u00e4hlen in der gesucht werden soll.<\/p>\n        <p class=\"value_error\">Bitte einen Suchbegriff eintragen.<\/p>\n      <\/div>\n\n      <form method=\"post\" class=\"sort_filter_form form-horizontal\" action=\"https:\/\/dco-ev.de\/cms\/mitglieder\/#participants-list-1\" data-ref=\"update\">\n<input name=\"action\" type=\"hidden\" value=\"pdb_list_filter\" \/>\n\n<input name=\"target_instance\" type=\"hidden\" value=\"1\" \/>\n\n<input name=\"instance_index\" type=\"hidden\" value=\"1\" \/>\n\n<input name=\"pagelink\" type=\"hidden\" value=\"\/cms\/wp-json\/wp\/v2\/pages\/5126?listpage=%1$s\" \/>\n\n      \n        <div class=\"control-group\">\n          <label class=\"control-label\">Suche:<\/label>\n          <div class=\"controls\">\n\n            <select name=\"search_field\" id=\"pdb-search_field-2\" class=\"search-item\">\n<option value=\"none\">((w\u00e4hle deinen Suchbreich))<\/option>\n<option value=\"gruppen_name\">Clubname<\/option>\n<option value=\"zip\">PLZ<\/option>\n<\/select>\n\n            <input name=\"operator\" type=\"hidden\" class=\"search-item\" value=\"LIKE\" \/>\n<input name=\"value\" id=\"participant_search_term\" class=\"search-item\" type=\"text\" value=\"\" \/>\n\n<input name=\"submit_button\" class=\"search-form-submit\" data-submit=\"search\" type=\"submit\" value=\"Suchen\">\n<input name=\"submit_button\" class=\"search-form-clear\" data-submit=\"clear\" type=\"submit\" value=\"Leeren\">          <\/div>\n\n        <\/div>\n                  <\/form>\n    <\/div>\n  \n  <div class=\"pdb-list list-container\" >\n\n    \n    <h5>Gesamt: 58 Eintr\u00e4ge - Seite 1<\/h5>  \n\n    \n              <section id=\"record-12\">\n\n          \n            <div class=\"pdb-field pdb-field-gruppen_name \">\n              <span class=\"pdb-field-title\">Clubname<\/span>\n              <span class=\"pdb-field-data\"><a href=\"https:\/\/dco-ev.de\/cms\/mitglieder-detail\/?pdb=12\">1. CC Eifel-Sack<\/a><\/span>\n            <\/div>\n\n          \n            <div class=\"pdb-field pdb-field-zip \">\n              <span class=\"pdb-field-title\">PLZ<\/span>\n              <span class=\"pdb-field-data\">54597<\/span>\n            <\/div>\n\n          \n        <\/section>\n\n              <section id=\"record-38\">\n\n          \n            <div class=\"pdb-field pdb-field-gruppen_name \">\n              <span class=\"pdb-field-title\">Clubname<\/span>\n              <span class=\"pdb-field-data\"><a href=\"https:\/\/dco-ev.de\/cms\/mitglieder-detail\/?pdb=38\">1. CHCC e.V.<\/a><\/span>\n            <\/div>\n\n          \n            <div class=\"pdb-field pdb-field-zip \">\n              <span class=\"pdb-field-title\">PLZ<\/span>\n              <span class=\"pdb-field-data\">50733<\/span>\n            <\/div>\n\n          \n        <\/section>\n\n              <section id=\"record-58\">\n\n          \n            <div class=\"pdb-field pdb-field-gruppen_name \">\n              <span class=\"pdb-field-title\">Clubname<\/span>\n              <span class=\"pdb-field-data\"><a href=\"https:\/\/dco-ev.de\/cms\/mitglieder-detail\/?pdb=58\">Airmails Allenbach<\/a><\/span>\n            <\/div>\n\n          \n            <div class=\"pdb-field pdb-field-zip \">\n              <span class=\"pdb-field-title\">PLZ<\/span>\n              <span class=\"pdb-field-data\">57271<\/span>\n            <\/div>\n\n          \n        <\/section>\n\n              <section id=\"record-11\">\n\n          \n            <div class=\"pdb-field pdb-field-gruppen_name \">\n              <span class=\"pdb-field-title\">Clubname<\/span>\n              <span class=\"pdb-field-data\"><a href=\"https:\/\/dco-ev.de\/cms\/mitglieder-detail\/?pdb=11\">Baafer Cornhole League<\/a><\/span>\n            <\/div>\n\n          \n            <div class=\"pdb-field pdb-field-zip \">\n              <span class=\"pdb-field-title\">PLZ<\/span>\n              <span class=\"pdb-field-data\">35305<\/span>\n            <\/div>\n\n          \n        <\/section>\n\n              <section id=\"record-14\">\n\n          \n            <div class=\"pdb-field pdb-field-gruppen_name \">\n              <span class=\"pdb-field-title\">Clubname<\/span>\n              <span class=\"pdb-field-data\"><a href=\"https:\/\/dco-ev.de\/cms\/mitglieder-detail\/?pdb=14\">BeanBagBuddies Bitburg<\/a><\/span>\n            <\/div>\n\n          \n            <div class=\"pdb-field pdb-field-zip \">\n              <span class=\"pdb-field-title\">PLZ<\/span>\n              <span class=\"pdb-field-data\">54634<\/span>\n            <\/div>\n\n          \n        <\/section>\n\n              <section id=\"record-53\">\n\n          \n            <div class=\"pdb-field pdb-field-gruppen_name \">\n              <span class=\"pdb-field-title\">Clubname<\/span>\n              <span class=\"pdb-field-data\"><a href=\"https:\/\/dco-ev.de\/cms\/mitglieder-detail\/?pdb=53\">Black Hole Pirates<\/a><\/span>\n            <\/div>\n\n          \n            <div class=\"pdb-field pdb-field-zip \">\n              <span class=\"pdb-field-title\">PLZ<\/span>\n              <span class=\"pdb-field-data\">44627<\/span>\n            <\/div>\n\n          \n        <\/section>\n\n              <section id=\"record-25\">\n\n          \n            <div class=\"pdb-field pdb-field-gruppen_name \">\n              <span class=\"pdb-field-title\">Clubname<\/span>\n              <span class=\"pdb-field-data\"><a href=\"https:\/\/dco-ev.de\/cms\/mitglieder-detail\/?pdb=25\">CKP Cornhole Kreis Pinneberg im SuS Waldenau e.V.<\/a><\/span>\n            <\/div>\n\n          \n            <div class=\"pdb-field pdb-field-zip \">\n              <span class=\"pdb-field-title\">PLZ<\/span>\n              <span class=\"pdb-field-data\">25421<\/span>\n            <\/div>\n\n          \n        <\/section>\n\n              <section id=\"record-34\">\n\n          \n            <div class=\"pdb-field pdb-field-gruppen_name \">\n              <span class=\"pdb-field-title\">Clubname<\/span>\n              <span class=\"pdb-field-data\"><a href=\"https:\/\/dco-ev.de\/cms\/mitglieder-detail\/?pdb=34\">Cornados SH<\/a><\/span>\n            <\/div>\n\n          \n            <div class=\"pdb-field pdb-field-zip \">\n              <span class=\"pdb-field-title\">PLZ<\/span>\n              <span class=\"pdb-field-data\">24582<\/span>\n            <\/div>\n\n          \n        <\/section>\n\n              <section id=\"record-39\">\n\n          \n            <div class=\"pdb-field pdb-field-gruppen_name \">\n              <span class=\"pdb-field-title\">Clubname<\/span>\n              <span class=\"pdb-field-data\"><a href=\"https:\/\/dco-ev.de\/cms\/mitglieder-detail\/?pdb=39\">Cornhole Crew Mechenhard \/ R\u00fcck-Schippach<\/a><\/span>\n            <\/div>\n\n          \n            <div class=\"pdb-field pdb-field-zip \">\n              <span class=\"pdb-field-title\">PLZ<\/span>\n              <span class=\"pdb-field-data\">63906<\/span>\n            <\/div>\n\n          \n        <\/section>\n\n              <section id=\"record-20\">\n\n          \n            <div class=\"pdb-field pdb-field-gruppen_name \">\n              <span class=\"pdb-field-title\">Clubname<\/span>\n              <span class=\"pdb-field-data\"><a href=\"https:\/\/dco-ev.de\/cms\/mitglieder-detail\/?pdb=20\">Cornhole Freunde Ebersberg e.V.<\/a><\/span>\n            <\/div>\n\n          \n            <div class=\"pdb-field pdb-field-zip \">\n              <span class=\"pdb-field-title\">PLZ<\/span>\n              <span class=\"pdb-field-data\">85560<\/span>\n            <\/div>\n\n          \n        <\/section>\n\n              <section id=\"record-15\">\n\n          \n            <div class=\"pdb-field pdb-field-gruppen_name \">\n              <span class=\"pdb-field-title\">Clubname<\/span>\n              <span class=\"pdb-field-data\"><a href=\"https:\/\/dco-ev.de\/cms\/mitglieder-detail\/?pdb=15\">Cornhole N\u00fcrnberg<\/a><\/span>\n            <\/div>\n\n          \n            <div class=\"pdb-field pdb-field-zip \">\n              <span class=\"pdb-field-title\">PLZ<\/span>\n              <span class=\"pdb-field-data\">90425<\/span>\n            <\/div>\n\n          \n        <\/section>\n\n              <section id=\"record-29\">\n\n          \n            <div class=\"pdb-field pdb-field-gruppen_name \">\n              <span class=\"pdb-field-title\">Clubname<\/span>\n              <span class=\"pdb-field-data\"><a href=\"https:\/\/dco-ev.de\/cms\/mitglieder-detail\/?pdb=29\">Cornhole Olbernhau<\/a><\/span>\n            <\/div>\n\n          \n            <div class=\"pdb-field pdb-field-zip \">\n              <span class=\"pdb-field-title\">PLZ<\/span>\n              <span class=\"pdb-field-data\">09526<\/span>\n            <\/div>\n\n          \n        <\/section>\n\n              <section id=\"record-2\">\n\n          \n            <div class=\"pdb-field pdb-field-gruppen_name \">\n              <span class=\"pdb-field-title\">Clubname<\/span>\n              <span class=\"pdb-field-data\"><a href=\"https:\/\/dco-ev.de\/cms\/mitglieder-detail\/?pdb=2\">Cornhole TG Konz<\/a><\/span>\n            <\/div>\n\n          \n            <div class=\"pdb-field pdb-field-zip \">\n              <span class=\"pdb-field-title\">PLZ<\/span>\n              <span class=\"pdb-field-data\">54329<\/span>\n            <\/div>\n\n          \n        <\/section>\n\n              <section id=\"record-55\">\n\n          \n            <div class=\"pdb-field pdb-field-gruppen_name \">\n              <span class=\"pdb-field-title\">Clubname<\/span>\n              <span class=\"pdb-field-data\"><a href=\"https:\/\/dco-ev.de\/cms\/mitglieder-detail\/?pdb=55\">Cornholefreunde Feudenheim<\/a><\/span>\n            <\/div>\n\n          \n            <div class=\"pdb-field pdb-field-zip \">\n              <span class=\"pdb-field-title\">PLZ<\/span>\n              <span class=\"pdb-field-data\">68259<\/span>\n            <\/div>\n\n          \n        <\/section>\n\n              <section id=\"record-6\">\n\n          \n            <div class=\"pdb-field pdb-field-gruppen_name \">\n              <span class=\"pdb-field-title\">Clubname<\/span>\n              <span class=\"pdb-field-data\"><a href=\"https:\/\/dco-ev.de\/cms\/mitglieder-detail\/?pdb=6\">Cornholefreunde Ingelheim<\/a><\/span>\n            <\/div>\n\n          \n            <div class=\"pdb-field pdb-field-zip \">\n              <span class=\"pdb-field-title\">PLZ<\/span>\n              <span class=\"pdb-field-data\">55218<\/span>\n            <\/div>\n\n          \n        <\/section>\n\n      \n      <\/div>\n  <div data-action=\"pdb_list_filter\" class=\"pagination pdb-pagination pagination-large pagination-centered\"><ul><li class=\"disabled\"><span><span title=\"Zur\u00fcck\" class=\"dashicons dashicons-previous-page\"><\/span><\/span><\/li> <li class=\"active currentpage\"><span>1<\/span><\/li> <li class=\"direct-page\"><a href=\"\/cms\/wp-json\/wp\/v2\/pages\/5126?listpage=2&amp;instance=1\" data-page=\"2\">2<\/a><\/li><li class=\"direct-page\"><a href=\"\/cms\/wp-json\/wp\/v2\/pages\/5126?listpage=3&amp;instance=1\" data-page=\"3\">3<\/a><\/li><li class=\"direct-page\"><a href=\"\/cms\/wp-json\/wp\/v2\/pages\/5126?listpage=4&amp;instance=1\" data-page=\"4\">4<\/a><\/li><li class=\"nextpage\"><a title=\"N\u00e4chster\" href=\"\/cms\/wp-json\/wp\/v2\/pages\/5126?listpage=2&amp;instance=1\" data-page=\"2\"><span class=\"dashicons dashicons-next-page\"><\/span><\/a><\/li><\/ul><\/div><\/div>\n\n\n\n<p><\/p>\n","protected":false},"excerpt":{"rendered":"","protected":false},"author":1,"featured_media":0,"parent":0,"menu_order":0,"comment_status":"closed","ping_status":"closed","template":"","meta":{"footnotes":""},"class_list":["post-5126","page","type-page","status-publish","hentry"],"blocksy_meta":{"has_hero_section":"enabled","hero_elements":[{"id":"custom_title","enabled":true,"heading_tag":"h1","title":"Startseite","__id":"JZiV3awJhxoldfjXixBjx"},{"id":"custom_description","enabled":false,"description_visibility":{"desktop":true,"tablet":true,"mobile":false},"__id":"8KfhyMJvNG3-oOpe2Jafw"},{"id":"custom_meta","enabled":false,"meta_elements":[{"id":"author","enabled":true,"label":"Von","has_author_avatar":"yes","avatar_size":25},{"id":"post_date","enabled":true,"label":"Am","date_format_source":"default","date_format":"M j, Y"},{"id":"updated_date","enabled":false,"label":"Am","date_format_source":"default","date_format":"M j, Y"},{"id":"categories","enabled":false,"label":"In","style":"simple"},{"id":"comments","enabled":true}],"page_meta_elements":{"joined":true,"articles_count":true,"comments":true},"__id":"knK3aW6xPN8Ek3LpJ59RM"},{"id":"breadcrumbs","enabled":false,"__id":"z_knd0wvr7T9IenrvaPqE"}],"pageTitleFontColor":{"default":{"color":"var(--theme-palette-color-4)"}},"styles_descriptor":{"styles":{"desktop":"[data-prefix=\"single_page\"] .entry-header .page-title {--theme-font-size:25px;--theme-heading-color:var(--theme-palette-color-4);} [data-prefix=\"single_page\"] .entry-header .entry-meta {--theme-font-weight:600;--theme-text-transform:uppercase;--theme-font-size:12px;--theme-line-height:1.3;} [data-prefix=\"single_page\"] .hero-section[data-type=\"type-1\"] {--margin-bottom:0px;}","tablet":"","mobile":""},"google_fonts":[],"version":6},"page_structure_type":"type-1","pageTitleFont":{"family":"Default","variation":"Default","size":"25px","line-height":"CT_CSS_SKIP_RULE","letter-spacing":"CT_CSS_SKIP_RULE","text-transform":"CT_CSS_SKIP_RULE","text-decoration":"CT_CSS_SKIP_RULE"},"hero_section":"type-1","hero_margin":"0px"},"featured_image_urls_v2":{"full":"","thumbnail":"","medium":"","medium_large":"","large":"","1536x1536":"","2048x2048":""},"post_excerpt_stackable_v2":"<p>X Bitte eine Spalte ausw\u00e4hlen in der gesucht werden soll. Bitte einen Suchbegriff eintragen. Suche: ((w\u00e4hle deinen Suchbreich)) Clubname PLZ Gesamt: 58 Eintr\u00e4ge &#8211; Seite 1 Clubname 1. CC Eifel-Sack PLZ 54597 Clubname 1. CHCC e.V. PLZ 50733 Clubname Airmails Allenbach PLZ 57271 Clubname Baafer Cornhole League PLZ 35305 Clubname BeanBagBuddies Bitburg PLZ 54634 Clubname Black Hole Pirates PLZ 44627 Clubname CKP Cornhole Kreis Pinneberg im SuS Waldenau e.V. PLZ 25421 Clubname Cornados SH PLZ 24582 Clubname Cornhole Crew Mechenhard \/ R\u00fcck-Schippach PLZ 63906 Clubname Cornhole Freunde Ebersberg e.V. PLZ 85560 Clubname Cornhole N\u00fcrnberg PLZ 90425 Clubname Cornhole Olbernhau PLZ&hellip;<\/p>\n","category_list_v2":"","author_info_v2":{"name":"DCO_Webmaster","url":"https:\/\/dco-ev.de\/cms\/author\/dco_webmaster\/"},"comments_num_v2":"0 comments","_links":{"self":[{"href":"https:\/\/dco-ev.de\/cms\/wp-json\/wp\/v2\/pages\/5126","targetHints":{"allow":["GET"]}}],"collection":[{"href":"https:\/\/dco-ev.de\/cms\/wp-json\/wp\/v2\/pages"}],"about":[{"href":"https:\/\/dco-ev.de\/cms\/wp-json\/wp\/v2\/types\/page"}],"author":[{"embeddable":true,"href":"https:\/\/dco-ev.de\/cms\/wp-json\/wp\/v2\/users\/1"}],"replies":[{"embeddable":true,"href":"https:\/\/dco-ev.de\/cms\/wp-json\/wp\/v2\/comments?post=5126"}],"version-history":[{"count":10,"href":"https:\/\/dco-ev.de\/cms\/wp-json\/wp\/v2\/pages\/5126\/revisions"}],"predecessor-version":[{"id":5197,"href":"https:\/\/dco-ev.de\/cms\/wp-json\/wp\/v2\/pages\/5126\/revisions\/5197"}],"wp:attachment":[{"href":"https:\/\/dco-ev.de\/cms\/wp-json\/wp\/v2\/media?parent=5126"}],"curies":[{"name":"wp","href":"https:\/\/api.w.org\/{rel}","templated":true}]}}