{"id":4684,"date":"2024-07-10T06:55:37","date_gmt":"2024-07-10T04:55:37","guid":{"rendered":"https:\/\/dco-ev.de\/cms\/?page_id=4684"},"modified":"2024-10-08T20:22:01","modified_gmt":"2024-10-08T18:22:01","slug":"dco-rangliste-2024","status":"publish","type":"page","link":"https:\/\/dco-ev.de\/cms\/dco-rangliste-2024\/","title":{"rendered":"DCO Rangliste 2024"},"content":{"rendered":"\n<div class=\"wp-block-stackable-text stk-block-text stk-block stk-0311fd0\" data-block-id=\"0311fd0\"><p class=\"stk-block-text__text\">Die Rangliste enth\u00e4lt ausschlie\u00dflich Spieler*innen welche der DCO angeh\u00f6ren.<\/p><\/div>\n\n\n\n<p><\/p>\n\n\n\n<div class=\"wp-block-stackable-tabs stk-block-tabs stk-block stk-d266a4c\" data-initial-tab=\"1\" data-block-id=\"d266a4c\"><style>.stk-d266a4c .stk-block-tab-content .stk-block-content .stk-block-column[hidden]{display:none !important;}<\/style><div class=\"stk-row stk-inner-blocks stk-block-content stk-block-tabs--horizontal stk-block-tabs--fade stk-content-align stk-d266a4c-column\">\n<div class=\"wp-block-stackable-tab-labels stk-block-tab-labels stk-block stk-6069e51 is-style-buttons\" data-block-id=\"6069e51\"><style>.stk-6069e51 .stk-block-tabs__tab{color:#000000 !important;background:var(--theme-palette-color-5, #e1e8ed) !important;border-top-left-radius:4px !important;border-top-right-radius:4px !important;border-bottom-right-radius:4px !important;border-bottom-left-radius:4px !important;border-style:solid !important;border-color:var(--theme-palette-color-3, #3A4F66) !important;border-top-width:0px !important;border-right-width:0px !important;border-bottom-width:2px !important;border-left-width:0px !important;}.stk-6069e51 .stk-block-tabs__tab.stk-block-tabs__tab--active .stk-block-tab-labels__text{color:#000000 !important;}.stk-6069e51 {overflow:hidden !important;}.stk-6069e51 .stk-block-tab-labels__text{color:#000000 !important;}.stk-6069e51 .stk-block-tabs__tab:not(.stk-block-tabs__tab--active):hover{background:#eeeeee !important;opacity:1 !important;}.stk-6069e51 .stk-block-tabs__tab .stk--inner-svg svg:last-child, .stk-6069e51 .stk-block-tabs__tab .stk--inner-svg svg:last-child :is(g, path, rect, polygon, ellipse){fill:#000000 !important;}.stk-6069e51 .stk-block-tabs__tab.stk-block-tabs__tab--active{background:#f7cb4d !important;border-color:#000000 !important;}.stk-6069e51 .stk-block-tabs__tab.stk-block-tabs__tab--active .stk--inner-svg svg:last-child, .stk-6069e51 .stk-block-tabs__tab.stk-block-tabs__tab--active .stk--inner-svg svg:last-child :is(g, path, rect, polygon, ellipse){fill:#ffffff !important;}<\/style><div class=\"stk-block-tab-labels__wrapper\" role=\"tablist\"><button class=\"stk-block-tabs__tab\" role=\"tab\"><div class=\"stk-block-tab-labels__text\"><span>1. DCO Championship 2024 Bitburg<\/span><\/div><\/button><button class=\"stk-block-tabs__tab\" role=\"tab\"><div class=\"stk-block-tab-labels__text\"><span>2. DCO Championship 2024 Kaltenkirchen<\/span><\/div><\/button><button class=\"stk-block-tabs__tab\" role=\"tab\"><div class=\"stk-block-tab-labels__text\"><span>Endstand DCO Championship 2024<\/span><\/div><\/button><\/div><\/div>\n\n\n\n<div class=\"wp-block-stackable-tab-content stk-block-tab-content stk-block stk-0fc000a\" data-block-id=\"0fc000a\"><div class=\"stk-row stk-inner-blocks stk-block-content stk-content-align stk-0fc000a-column\">\n<div class=\"wp-block-stackable-column stk-block-column stk-column stk-block stk-20c0294\" data-v=\"4\" role=\"tabpanel\" data-block-id=\"20c0294\"><div class=\"stk-column-wrapper stk-block-column__content stk-container stk-20c0294-container stk--no-background stk--no-padding\"><div class=\"stk-block-content stk-inner-blocks stk-20c0294-inner-blocks\">\n<iframe loading=\"lazy\" src=\"https:\/\/docs.google.com\/spreadsheets\/d\/e\/2PACX-1vSV-pZAfjdLGdTLcw9bODAauKHHwf4XnVhSmE_YAKfb5Fw_CA1UkzHFzaK6nA2Vrbwm0EYSK4Zxrd5j\/pubhtml?gid=1505747336&amp;single=true&amp;range=A1:G80&amp;widget=true&amp;chrome=false&amp;headers=false\" width=\"100%\" height=\"1900\" frameborder=\"0\" marginheight=\"0\" marginwidth=\"0\"><\/iframe>\n<\/div><\/div><\/div>\n\n\n\n<div class=\"wp-block-stackable-column stk-block-column stk-column stk-block stk-5d8ab68\" data-v=\"4\" role=\"tabpanel\" data-block-id=\"5d8ab68\"><div class=\"stk-column-wrapper stk-block-column__content stk-container stk-5d8ab68-container stk--no-background stk--no-padding\"><div class=\"stk-block-content stk-inner-blocks stk-5d8ab68-inner-blocks\">\n<iframe loading=\"lazy\" src=\"https:\/\/docs.google.com\/spreadsheets\/d\/e\/2PACX-1vSV-pZAfjdLGdTLcw9bODAauKHHwf4XnVhSmE_YAKfb5Fw_CA1UkzHFzaK6nA2Vrbwm0EYSK4Zxrd5j\/pubhtml?gid=1783513733&amp;single=true&amp;range=A1:G55&amp;widget=true&amp;chrome=false&amp;headers=false\" width=\"100%\" height=\"1400\" frameborder=\"0\" marginheight=\"0\" marginwidth=\"0\"><\/iframe>\n<\/div><\/div><\/div>\n\n\n\n<div class=\"wp-block-stackable-column stk-block-column stk-column stk-block stk-56081fa\" data-v=\"4\" role=\"tabpanel\" data-block-id=\"56081fa\"><div class=\"stk-column-wrapper stk-block-column__content stk-container stk-56081fa-container stk--no-background stk--no-padding\"><div class=\"stk-block-content stk-inner-blocks stk-56081fa-inner-blocks\">\n<iframe loading=\"lazy\" src=\"https:\/\/docs.google.com\/spreadsheets\/d\/e\/2PACX-1vSV-pZAfjdLGdTLcw9bODAauKHHwf4XnVhSmE_YAKfb5Fw_CA1UkzHFzaK6nA2Vrbwm0EYSK4Zxrd5j\/pubhtml?gid=0&amp;single=true&amp;widget=true&amp;range=A1:G120&amp;widget=true&amp;chrome=false&amp;headers=false\" width=\"100%\" height=\"2820\" frameborder=\"0\" marginheight=\"0\" marginwidth=\"0\"><\/iframe>\n<\/div><\/div><\/div>\n<\/div><\/div>\n<\/div><\/div>\n\n\n\n<p><\/p>\n","protected":false},"excerpt":{"rendered":"<p>Die Rangliste enth\u00e4lt ausschlie\u00dflich Spieler*innen welche der DCO angeh\u00f6ren. 1. DCO Championship 2024 Bitburg 2. DCO Championship 2024 Kaltenkirchen Endstand DCO Championship 2024<\/p>\n","protected":false},"author":1,"featured_media":0,"parent":0,"menu_order":0,"comment_status":"closed","ping_status":"closed","template":"","meta":{"footnotes":""},"class_list":["post-4684","page","type-page","status-publish","hentry"],"blocksy_meta":{"has_hero_section":"enabled","styles_descriptor":{"styles":{"desktop":"[data-prefix=\"single_page\"] .entry-header .page-title {--theme-font-size:30px;} [data-prefix=\"single_page\"] .entry-header .entry-meta {--theme-font-weight:600;--theme-text-transform:uppercase;--theme-font-size:12px;--theme-line-height:1.3;}","tablet":"","mobile":""},"google_fonts":[],"version":6},"hero_elements":[{"id":"custom_title","enabled":true,"heading_tag":"h1","title":"Startseite","__id":"fYQdYcLkvR8EzBCA4cRmx"},{"id":"custom_description","enabled":false,"description_visibility":{"desktop":true,"tablet":true,"mobile":false},"__id":"W6JNVcOGFsHz9xxNvuK3W"},{"id":"custom_meta","enabled":false,"meta_elements":[{"id":"author","enabled":true,"label":"Von","has_author_avatar":"yes","avatar_size":25},{"id":"post_date","enabled":true,"label":"Am","date_format_source":"default","date_format":"M j, Y"},{"id":"updated_date","enabled":false,"label":"Am","date_format_source":"default","date_format":"M j, Y"},{"id":"categories","enabled":false,"label":"In","style":"simple"},{"id":"comments","enabled":true}],"page_meta_elements":{"joined":true,"articles_count":true,"comments":true},"__id":"0Wqke-4_yZa6Gb8YZ9RNP"},{"id":"breadcrumbs","enabled":false,"__id":"P7-LbEi6a0rkuyu2ZKqxh"}]},"featured_image_urls_v2":{"full":"","thumbnail":"","medium":"","medium_large":"","large":"","1536x1536":"","2048x2048":""},"post_excerpt_stackable_v2":"<p>Die Rangliste enth\u00e4lt ausschlie\u00dflich Spieler*innen welche der DCO angeh\u00f6ren. 1. DCO Championship 2024 Bitburg2. DCO Championship 2024 KaltenkirchenEndstand DCO Championship 2024<\/p>\n","category_list_v2":"","author_info_v2":{"name":"DCO_Webmaster","url":"https:\/\/dco-ev.de\/cms\/author\/dco_webmaster\/"},"comments_num_v2":"0 comments","_links":{"self":[{"href":"https:\/\/dco-ev.de\/cms\/wp-json\/wp\/v2\/pages\/4684","targetHints":{"allow":["GET"]}}],"collection":[{"href":"https:\/\/dco-ev.de\/cms\/wp-json\/wp\/v2\/pages"}],"about":[{"href":"https:\/\/dco-ev.de\/cms\/wp-json\/wp\/v2\/types\/page"}],"author":[{"embeddable":true,"href":"https:\/\/dco-ev.de\/cms\/wp-json\/wp\/v2\/users\/1"}],"replies":[{"embeddable":true,"href":"https:\/\/dco-ev.de\/cms\/wp-json\/wp\/v2\/comments?post=4684"}],"version-history":[{"count":10,"href":"https:\/\/dco-ev.de\/cms\/wp-json\/wp\/v2\/pages\/4684\/revisions"}],"predecessor-version":[{"id":4885,"href":"https:\/\/dco-ev.de\/cms\/wp-json\/wp\/v2\/pages\/4684\/revisions\/4885"}],"wp:attachment":[{"href":"https:\/\/dco-ev.de\/cms\/wp-json\/wp\/v2\/media?parent=4684"}],"curies":[{"name":"wp","href":"https:\/\/api.w.org\/{rel}","templated":true}]}}